{"id":5784,"date":"2024-05-07T11:11:40","date_gmt":"2024-05-07T09:11:40","guid":{"rendered":"https:\/\/sparringcapital.com\/contact-2\/"},"modified":"2024-09-18T04:49:23","modified_gmt":"2024-09-18T02:49:23","slug":"contact","status":"publish","type":"page","link":"https:\/\/sparringcapital.com\/en\/contact\/","title":{"rendered":"Contact"},"content":{"rendered":"\t\t<div data-elementor-type=\"wp-page\" data-elementor-id=\"5784\" class=\"elementor elementor-5784 elementor-2021\">\n\t\t\t\t<div class=\"elementor-element elementor-element-52aec46 e-con-full e-flex e-con e-parent\" data-id=\"52aec46\" data-element_type=\"container\" data-e-type=\"container\" data-settings=\"{&quot;position&quot;:&quot;absolute&quot;,&quot;background_background&quot;:&quot;gradient&quot;}\">\n\t\t<div class=\"elementor-element elementor-element-b9875cc e-con-full e-flex e-con e-child\" data-id=\"b9875cc\" data-element_type=\"container\" data-e-type=\"container\">\n\t\t\t\t<div class=\"elementor-element elementor-element-b9d72cb elementor-absolute elementor-widget elementor-widget-image\" data-id=\"b9d72cb\" data-element_type=\"widget\" data-e-type=\"widget\" data-settings=\"{&quot;_position&quot;:&quot;absolute&quot;}\" data-widget_type=\"image.default\">\n\t\t\t\t<div class=\"elementor-widget-container\">\n\t\t\t\t\t\t\t\t\t\t\t\t\t\t\t<img fetchpriority=\"high\" decoding=\"async\" width=\"1950\" height=\"1227\" src=\"https:\/\/sparringcapital.com\/wp-content\/uploads\/2024\/04\/picto_hero_bg.svg\" class=\"attachment-full size-full wp-image-310\" alt=\"\" \/>\t\t\t\t\t\t\t\t\t\t\t\t\t\t\t<\/div>\n\t\t\t\t<\/div>\n\t\t\t\t<\/div>\n\t\t\t\t<\/div>\n\t\t<div class=\"elementor-element elementor-element-2aac842 e-flex e-con-boxed e-con e-parent\" data-id=\"2aac842\" data-element_type=\"container\" data-e-type=\"container\">\n\t\t\t\t\t<div class=\"e-con-inner\">\n\t\t<div class=\"elementor-element elementor-element-583a136 e-con-full e-flex e-con e-child\" data-id=\"583a136\" data-element_type=\"container\" data-e-type=\"container\" data-settings=\"{&quot;background_background&quot;:&quot;classic&quot;}\">\n\t\t\t\t<div class=\"elementor-element elementor-element-bf2ccb4 wpseo_breadcrumb elementor-widget elementor-widget-shortcode\" data-id=\"bf2ccb4\" data-element_type=\"widget\" data-e-type=\"widget\" data-widget_type=\"shortcode.default\">\n\t\t\t\t<div class=\"elementor-widget-container\">\n\t\t\t\t\t\t\t<div class=\"elementor-shortcode\"><\/div>\n\t\t\t\t\t\t<\/div>\n\t\t\t\t<\/div>\n\t\t\t\t<\/div>\n\t\t<div class=\"elementor-element elementor-element-19e1375 e-flex e-con-boxed e-con e-child\" data-id=\"19e1375\" data-element_type=\"container\" data-e-type=\"container\">\n\t\t\t\t\t<div class=\"e-con-inner\">\n\t\t<div class=\"elementor-element elementor-element-81a5b63 e-con-full e-flex e-con e-child\" data-id=\"81a5b63\" data-element_type=\"container\" data-e-type=\"container\">\n\t\t\t\t<div class=\"elementor-element elementor-element-6c54d01 elementor-widget elementor-widget-heading\" data-id=\"6c54d01\" data-element_type=\"widget\" data-e-type=\"widget\" data-widget_type=\"heading.default\">\n\t\t\t\t<div class=\"elementor-widget-container\">\n\t\t\t\t\t<h1 class=\"elementor-heading-title elementor-size-default\">Contact us<\/h1>\t\t\t\t<\/div>\n\t\t\t\t<\/div>\n\t\t\t\t<div class=\"elementor-element elementor-element-a8f8f1a contact-info elementor-icon-list--layout-traditional elementor-list-item-link-full_width elementor-widget elementor-widget-icon-list\" data-id=\"a8f8f1a\" data-element_type=\"widget\" data-e-type=\"widget\" data-widget_type=\"icon-list.default\">\n\t\t\t\t<div class=\"elementor-widget-container\">\n\t\t\t\t\t\t\t<ul class=\"elementor-icon-list-items\">\n\t\t\t\t\t\t\t<li class=\"elementor-icon-list-item\">\n\t\t\t\t\t\t\t\t\t\t\t<span class=\"elementor-icon-list-icon\">\n\t\t\t\t\t\t\t<svg xmlns=\"http:\/\/www.w3.org\/2000\/svg\" xmlns:xlink=\"http:\/\/www.w3.org\/1999\/xlink\" id=\"Layer_1\" x=\"0px\" y=\"0px\" width=\"32px\" height=\"32px\" viewBox=\"0 0 32 32\" style=\"enable-background:new 0 0 32 32;\" xml:space=\"preserve\"><g>\t<path style=\"fill:#FFFF00;\" d=\"M16,15.7c2.2,0,4.1-1.8,4.1-4.1c0-2.3-1.8-4.1-4.1-4.1s-4.1,1.8-4.1,4.1   C11.9,13.9,13.8,15.7,16,15.7z\"><\/path>\t<path style=\"fill:#040040;\" d=\"M18.9,28.8c-0.8-0.2-1.8-0.3-2.9-0.3c-1.1,0-2.2,0.1-2.9,0.3c-1,0.2-1.4,0.5-1.4,1   c0,0.4,0.5,0.7,1.4,1c0.8,0.2,1.8,0.3,2.9,0.3c1.1,0,2.2-0.1,2.9-0.3c1-0.2,1.4-0.5,1.4-1C20.4,29.3,19.9,29,18.9,28.8z M16,30.3   c-2.2,0-3.4-0.4-3.7-0.6c0.3-0.2,1.5-0.6,3.7-0.6c2.2,0,3.4,0.4,3.7,0.6C19.4,30,18.2,30.3,16,30.3z M23.5,4.1   c-2-2-4.7-3.1-7.5-3.1c-2.8,0-5.5,1.1-7.5,3.1C4.4,8.3,4.4,15,8.5,19.2l7.2,7.3c0.1,0.1,0.1,0.1,0.2,0.1c0.1,0,0.2,0,0.2-0.1   l7.2-7.3c2-2,3.1-4.7,3.1-7.5S25.5,6.1,23.5,4.1L23.5,4.1z M23,18.7l-7,7.1l-7-7.1C5.1,14.8,5.1,8.5,9,4.6c1.9-1.9,4.4-2.9,7-2.9   c2.7,0,5.1,1,7,2.9c1.9,1.9,2.9,4.4,2.9,7.1C25.9,14.3,24.9,16.8,23,18.7L23,18.7z M16,5.2c-3.5,0-6.4,2.9-6.4,6.4   c0,3.6,2.9,6.4,6.4,6.4c3.5,0,6.4-2.9,6.4-6.4C22.4,8.1,19.5,5.2,16,5.2z M16,17.4c-3.2,0-5.8-2.6-5.8-5.8c0-3.2,2.6-5.8,5.8-5.8   c3.2,0,5.8,2.6,5.8,5.8C21.8,14.8,19.2,17.4,16,17.4z\"><\/path><\/g><\/svg>\t\t\t\t\t\t<\/span>\n\t\t\t\t\t\t\t\t\t\t<span class=\"elementor-icon-list-text\">17 avenue George V, 75008 Paris<\/span>\n\t\t\t\t\t\t\t\t\t<\/li>\n\t\t\t\t\t\t\t\t<li class=\"elementor-icon-list-item\">\n\t\t\t\t\t\t\t\t\t\t\t<span class=\"elementor-icon-list-icon\">\n\t\t\t\t\t\t\t<svg xmlns=\"http:\/\/www.w3.org\/2000\/svg\" width=\"24\" height=\"40\" viewBox=\"0 0 24 40\" fill=\"none\"><g clip-path=\"url(#clip0_44_2410)\"><path d=\"M0.720243 4.25828H22.4703M0.720243 33.1691H22.4703M21.5737 39.6601H1.6812C0.913111 39.6601 0.337891 39.0178 0.337891 38.311V1.68904C0.337891 0.917584 0.9774 0.339844 1.6812 0.339844H21.5737C22.3418 0.339844 22.917 0.982155 22.917 1.68904V38.2464C22.917 39.0178 22.3418 39.6601 21.5737 39.6601ZM11.5953 34.8411C10.6343 34.8411 9.86963 35.6126 9.86963 36.5743C9.86963 37.5361 10.6377 38.3076 11.5953 38.3076C12.5529 38.3076 13.3209 37.5361 13.3209 36.5743C13.3209 35.6126 12.5529 34.8411 11.5953 34.8411Z\" stroke=\"#040040\" stroke-linecap=\"round\" stroke-linejoin=\"round\"><\/path><path d=\"M20.6811 6.96692H2.5752V30.0527H20.6811V6.96692Z\" fill=\"#FFFF00\"><\/path><\/g><defs><clipPath id=\"clip0_44_2410\"><rect width=\"23.2558\" height=\"40\" fill=\"white\"><\/rect><\/clipPath><\/defs><\/svg>\t\t\t\t\t\t<\/span>\n\t\t\t\t\t\t\t\t\t\t<span class=\"elementor-icon-list-text\">+33 (0) 1 58 36 49 50<\/span>\n\t\t\t\t\t\t\t\t\t<\/li>\n\t\t\t\t\t\t\t\t<li class=\"elementor-icon-list-item\">\n\t\t\t\t\t\t\t\t\t\t\t<a href=\"mailto:contact@sparringcapital.com\">\n\n\t\t\t\t\t\t\t\t\t\t\t\t<span class=\"elementor-icon-list-icon\">\n\t\t\t\t\t\t\t<svg xmlns=\"http:\/\/www.w3.org\/2000\/svg\" width=\"36\" height=\"35\" viewBox=\"0 0 36 35\" fill=\"none\"><g clip-path=\"url(#clip0_44_2419)\"><path d=\"M18.033 22.8085L7.00098 14.9192V5.74402H29.065V14.9192L18.033 22.8085Z\" fill=\"#FFFF00\"><\/path><path d=\"M35.8651 12.6596L31.41 9.48443V3.40784C31.41 3.23422 31.2687 3.09297 31.0951 3.09297H22.4407L18.1798 0.0590908C18.0709 -0.0174183 17.9237 -0.0174183 17.8149 0.0590908L13.5568 3.09297H4.90247C4.72885 3.09297 4.58761 3.23422 4.58761 3.40784V9.48443L0.13242 12.6566C0.0500252 12.7155 0 12.8096 0 12.9126V34.6854C0 34.859 0.141248 35.0002 0.314865 35.0002H35.6827C35.8563 35.0002 35.9976 34.859 35.9976 34.6854V12.9156C35.9976 12.8126 35.9475 12.7184 35.8651 12.6596ZM15.0517 23.8005L0.629729 34.0762V13.5247L15.0517 23.8005ZM15.5932 24.186L17.8149 25.7691C17.8708 25.8074 17.9326 25.828 17.9973 25.828C18.062 25.828 18.1238 25.8074 18.1798 25.7691L20.4015 24.186L34.6969 34.3705H1.29771L15.5932 24.186ZM20.9429 23.8005L35.3649 13.5247V34.0762L20.9429 23.8005ZM35.1383 12.9156L31.407 15.5728V10.2554L35.1383 12.9126V12.9156ZM17.9973 0.700591L21.3549 3.09297H14.6397L17.9973 0.700591ZM30.7802 3.7227V16.0201L17.9973 25.1276L5.21439 16.0201V3.7227H30.7802ZM4.58761 15.5728L0.856314 12.9156L4.58761 10.2583V15.5757V15.5728ZM8.4572 7.31275C8.4572 7.13913 8.59845 6.99788 8.77207 6.99788H14.8693C15.0429 6.99788 15.1841 7.13913 15.1841 7.31275C15.1841 7.48636 15.0429 7.62761 14.8693 7.62761H8.77207C8.59845 7.62761 8.4572 7.48636 8.4572 7.31275ZM8.4572 17.0206C8.4572 16.847 8.59845 16.7057 8.77207 16.7057H27.2225C27.3962 16.7057 27.5374 16.847 27.5374 17.0206C27.5374 17.1942 27.3962 17.3354 27.2225 17.3354H8.77207C8.59845 17.3354 8.4572 17.1942 8.4572 17.0206ZM8.4572 10.5497C8.4572 10.3761 8.59845 10.2348 8.77207 10.2348H27.2225C27.3962 10.2348 27.5374 10.3761 27.5374 10.5497C27.5374 10.7233 27.3962 10.8645 27.2225 10.8645H8.77207C8.59845 10.8645 8.4572 10.7233 8.4572 10.5497ZM8.4572 13.7866C8.4572 13.613 8.59845 13.4717 8.77207 13.4717H27.2225C27.3962 13.4717 27.5374 13.613 27.5374 13.7866C27.5374 13.9602 27.3962 14.1015 27.2225 14.1015H8.77207C8.59845 14.1015 8.4572 13.9602 8.4572 13.7866Z\" fill=\"#040040\"><\/path><\/g><defs><clipPath id=\"clip0_44_2419\"><rect width=\"35.9946\" height=\"35\" fill=\"white\"><\/rect><\/clipPath><\/defs><\/svg>\t\t\t\t\t\t<\/span>\n\t\t\t\t\t\t\t\t\t\t<span class=\"elementor-icon-list-text\">contact@sparringcapital.com<\/span>\n\t\t\t\t\t\t\t\t\t\t\t<\/a>\n\t\t\t\t\t\t\t\t\t<\/li>\n\t\t\t\t\t\t<\/ul>\n\t\t\t\t\t\t<\/div>\n\t\t\t\t<\/div>\n\t\t\t\t<\/div>\n\t\t<div class=\"elementor-element elementor-element-09089a8 e-con-full e-flex e-con e-child\" data-id=\"09089a8\" data-element_type=\"container\" data-e-type=\"container\" data-settings=\"{&quot;background_background&quot;:&quot;classic&quot;}\">\n\t\t\t\t<div class=\"elementor-element elementor-element-d90e69e elementor-widget elementor-widget-elementskit-contact-form7\" data-id=\"d90e69e\" data-element_type=\"widget\" data-e-type=\"widget\" data-widget_type=\"elementskit-contact-form7.default\">\n\t\t\t\t<div class=\"elementor-widget-container\">\n\t\t\t\t\t<div class=\"ekit-wid-con\" ><div class=\"ekit-form\">\n<div class=\"wpcf7 no-js\" id=\"wpcf7-f6029-p5784-o1\" lang=\"en-US\" dir=\"ltr\" data-wpcf7-id=\"6029\">\n<div class=\"screen-reader-response\"><p role=\"status\" aria-live=\"polite\" aria-atomic=\"true\"><\/p> <ul><\/ul><\/div>\n<form action=\"\/en\/contact\/#wpcf7-f6029-p5784-o1\" method=\"post\" class=\"wpcf7-form init wpcf7-acceptance-as-validation\" aria-label=\"Contact form\" novalidate=\"novalidate\" data-status=\"init\">\n<fieldset class=\"hidden-fields-container\"><input type=\"hidden\" name=\"_wpcf7\" value=\"6029\" \/><input type=\"hidden\" name=\"_wpcf7_version\" value=\"6.1.5\" \/><input type=\"hidden\" name=\"_wpcf7_locale\" value=\"en_US\" \/><input type=\"hidden\" name=\"_wpcf7_unit_tag\" value=\"wpcf7-f6029-p5784-o1\" \/><input type=\"hidden\" name=\"_wpcf7_container_post\" value=\"5784\" \/><input type=\"hidden\" name=\"_wpcf7_posted_data_hash\" value=\"\" \/><input type=\"hidden\" name=\"_wpcf7_recaptcha_response\" value=\"\" \/>\n<\/fieldset>\n<div class=\"contact\">\n\t<div class=\"contact-frm\">\n\t\t<div class=\"contact-item\">\n\t\t\t<div>\n\t\t\t\t<p><span class=\"wpcf7-form-control-wrap\" data-name=\"last_name\"><input size=\"40\" maxlength=\"400\" class=\"wpcf7-form-control wpcf7-text wpcf7-validates-as-required\" aria-required=\"true\" aria-invalid=\"false\" placeholder=\"Last name*\" value=\"\" type=\"text\" name=\"last_name\" \/><\/span>\n\t\t\t\t<\/p>\n\t\t\t<\/div>\n\t\t\t<div>\n\t\t\t\t<p><span class=\"wpcf7-form-control-wrap\" data-name=\"first_name\"><input size=\"40\" maxlength=\"400\" class=\"wpcf7-form-control wpcf7-text wpcf7-validates-as-required\" aria-required=\"true\" aria-invalid=\"false\" placeholder=\"First name*\" value=\"\" type=\"text\" name=\"first_name\" \/><\/span>\n\t\t\t\t<\/p>\n\t\t\t<\/div>\n\t\t\t<div>\n\t\t\t\t<p><span class=\"wpcf7-form-control-wrap\" data-name=\"sp_email\"><input size=\"40\" maxlength=\"400\" class=\"wpcf7-form-control wpcf7-email wpcf7-validates-as-required wpcf7-text wpcf7-validates-as-email\" aria-required=\"true\" aria-invalid=\"false\" placeholder=\"Email address*\" value=\"\" type=\"email\" name=\"sp_email\" \/><\/span>\n\t\t\t\t<\/p>\n\t\t\t<\/div>\n\t\t\t<div>\n\t\t\t\t<p><span class=\"wpcf7-form-control-wrap\" data-name=\"company\"><input size=\"40\" maxlength=\"400\" class=\"wpcf7-form-control wpcf7-text\" aria-invalid=\"false\" placeholder=\"Company\" value=\"\" type=\"text\" name=\"company\" \/><\/span>\n\t\t\t\t<\/p>\n\t\t\t<\/div>\n\t\t\t<div>\n\t\t\t\t<p><span class=\"wpcf7-form-control-wrap\" data-name=\"subject\"><input size=\"40\" maxlength=\"400\" class=\"wpcf7-form-control wpcf7-text wpcf7-validates-as-required\" aria-required=\"true\" aria-invalid=\"false\" placeholder=\"Subject*\" value=\"\" type=\"text\" name=\"subject\" \/><\/span>\n\t\t\t\t<\/p>\n\t\t\t<\/div>\n\t\t\t<div>\n\t\t\t\t<p><span class=\"wpcf7-form-control-wrap\" data-name=\"message\"><textarea cols=\"40\" rows=\"3\" maxlength=\"2000\" class=\"wpcf7-form-control wpcf7-textarea wpcf7-validates-as-required\" aria-required=\"true\" aria-invalid=\"false\" placeholder=\"Message*\" name=\"message\"><\/textarea><\/span>\n\t\t\t\t<\/p>\n\t\t\t<\/div>\n\t\t\t<div>\n\t\t\t\t<p><span class=\"wpcf7-form-control-wrap\" data-name=\"acceptance_01\"><span class=\"wpcf7-form-control wpcf7-acceptance\"><span class=\"wpcf7-list-item\"><label><input type=\"checkbox\" name=\"acceptance_01\" value=\"1\" aria-invalid=\"false\" \/><span class=\"wpcf7-list-item-label\">By checking this box and clicking on \u201cSend\u201d, I agree to my personal data being processed in accordance with our <a href=\"https:\/\/sparringcapital.com\/politique-de-confidentialite\/\" target=\"_blank\">Privacy Policy<\/a>*.<\/span><\/label><\/span><\/span><\/span>\n\t\t\t\t<\/p>\n\t\t\t<\/div>\n\t\t<\/div>\n\t<\/div>\n\t<div class=\"row-submit\">\n\t\t<p><button type=\"submit\">SEND<\/button><br \/>\n<span class=\"wpcf7-spinner\"><\/span>\n\t\t<\/p>\n\t<\/div>\n<\/div><div class=\"wpcf7-response-output\" aria-hidden=\"true\"><\/div>\n<\/form>\n<\/div>\n<\/div><\/div>\t\t\t\t<\/div>\n\t\t\t\t<\/div>\n\t\t\t\t<div class=\"elementor-element elementor-element-15f496d elementor-widget elementor-widget-text-editor\" data-id=\"15f496d\" data-element_type=\"widget\" data-e-type=\"widget\" data-widget_type=\"text-editor.default\">\n\t\t\t\t<div class=\"elementor-widget-container\">\n\t\t\t\t\t\t\t\t\t<p>*Request fields<\/p>\n\t\t\t\t\t\t\t\t<\/div>\n\t\t\t\t<\/div>\n\t\t\t\t<\/div>\n\t\t\t\t\t<\/div>\n\t\t\t\t<\/div>\n\t\t\t\t\t<\/div>\n\t\t\t\t<\/div>\n\t\t<div class=\"elementor-element elementor-element-7ff113c e-flex e-con-boxed e-con e-parent\" data-id=\"7ff113c\" data-element_type=\"container\" data-e-type=\"container\">\n\t\t\t\t\t<div class=\"e-con-inner\">\n\t\t\t\t<div class=\"elementor-element elementor-element-28640f5 contact-notice elementor-widget elementor-widget-text-editor\" data-id=\"28640f5\" data-element_type=\"widget\" data-e-type=\"widget\" data-widget_type=\"text-editor.default\">\n\t\t\t\t<div class=\"elementor-widget-container\">\n\t\t\t\t\t\t\t\t\t<p>The above data is collected by Sparring Capital in order to process and follow up your contact request. You have the right to access, rectify, delete or transfer your data, or you may object to the processing of your data or request its restriction, or you may define the fate of your data post-mortem. You can exercise these rights by sending an e-mail to <a href=\"mailto:contact@sparringcapital.com\">contact@sparringcapital.com<\/a>, providing proof of your identity. For further information, please consult our <a href=\"#\">Privacy Policy<\/a>.   <\/p>\n\t\t\t\t\t\t\t\t<\/div>\n\t\t\t\t<\/div>\n\t\t\t\t\t<\/div>\n\t\t\t\t<\/div>\n\t\t\t\t<\/div>\n\t\t","protected":false},"excerpt":{"rendered":"<p>Contact us 17 avenue George V, 75008 Paris +33 (0) 1 58 36 49 50 contact@sparringcapital.com En cochant cette case et en cliquant sur \u00ab Envoyer \u00bb, j&#8217;accepte que mes donn\u00e9es personnelles soient trait\u00e9es conform\u00e9ment \u00e0 notre Politique en mati\u00e8re de confidentialit\u00e9*. ENVOYER *Request fields The above data is collected by Sparring Capital in order [&hellip;]<\/p>\n","protected":false},"author":1,"featured_media":0,"parent":0,"menu_order":0,"comment_status":"closed","ping_status":"closed","template":"","meta":{"_acf_changed":false,"inline_featured_image":false,"footnotes":""},"class_list":["post-5784","page","type-page","status-publish","hentry"],"acf":[],"yoast_head":"<!-- This site is optimized with the Yoast SEO plugin v27.4 - https:\/\/yoast.com\/product\/yoast-seo-wordpress\/ -->\n<title>Contact - Sparring Capital<\/title>\n<meta name=\"robots\" content=\"index, follow, max-snippet:-1, max-image-preview:large, max-video-preview:-1\" \/>\n<link rel=\"canonical\" href=\"https:\/\/sparringcapital.com\/en\/contact\/\" \/>\n<meta property=\"og:locale\" content=\"en_US\" \/>\n<meta property=\"og:type\" content=\"article\" \/>\n<meta property=\"og:title\" content=\"Contact - Sparring Capital\" \/>\n<meta property=\"og:description\" content=\"Contact us 17 avenue George V, 75008 Paris +33 (0) 1 58 36 49 50 contact@sparringcapital.com En cochant cette case et en cliquant sur \u00ab Envoyer \u00bb, j&#8217;accepte que mes donn\u00e9es personnelles soient trait\u00e9es conform\u00e9ment \u00e0 notre Politique en mati\u00e8re de confidentialit\u00e9*. ENVOYER *Request fields The above data is collected by Sparring Capital in order [&hellip;]\" \/>\n<meta property=\"og:url\" content=\"https:\/\/sparringcapital.com\/en\/contact\/\" \/>\n<meta property=\"og:site_name\" content=\"Sparring Capital\" \/>\n<meta property=\"article:modified_time\" content=\"2024-09-18T02:49:23+00:00\" \/>\n<meta property=\"og:image\" content=\"https:\/\/sparringcapital.com\/wp-content\/uploads\/2024\/04\/picto_hero_bg.svg\" \/>\n<meta name=\"twitter:card\" content=\"summary_large_image\" \/>\n<meta name=\"twitter:label1\" content=\"Est. reading time\" \/>\n\t<meta name=\"twitter:data1\" content=\"1 minute\" \/>\n<script type=\"application\/ld+json\" class=\"yoast-schema-graph\">{\"@context\":\"https:\\\/\\\/schema.org\",\"@graph\":[{\"@type\":\"WebPage\",\"@id\":\"https:\\\/\\\/sparringcapital.com\\\/en\\\/contact\\\/\",\"url\":\"https:\\\/\\\/sparringcapital.com\\\/en\\\/contact\\\/\",\"name\":\"Contact - Sparring Capital\",\"isPartOf\":{\"@id\":\"https:\\\/\\\/sparringcapital.com\\\/#website\"},\"primaryImageOfPage\":{\"@id\":\"https:\\\/\\\/sparringcapital.com\\\/en\\\/contact\\\/#primaryimage\"},\"image\":{\"@id\":\"https:\\\/\\\/sparringcapital.com\\\/en\\\/contact\\\/#primaryimage\"},\"thumbnailUrl\":\"https:\\\/\\\/sparringcapital.com\\\/wp-content\\\/uploads\\\/2024\\\/04\\\/picto_hero_bg.svg\",\"datePublished\":\"2024-05-07T09:11:40+00:00\",\"dateModified\":\"2024-09-18T02:49:23+00:00\",\"inLanguage\":\"en-US\",\"potentialAction\":[{\"@type\":\"ReadAction\",\"target\":[\"https:\\\/\\\/sparringcapital.com\\\/en\\\/contact\\\/\"]}]},{\"@type\":\"ImageObject\",\"inLanguage\":\"en-US\",\"@id\":\"https:\\\/\\\/sparringcapital.com\\\/en\\\/contact\\\/#primaryimage\",\"url\":\"https:\\\/\\\/sparringcapital.com\\\/wp-content\\\/uploads\\\/2024\\\/04\\\/picto_hero_bg.svg\",\"contentUrl\":\"https:\\\/\\\/sparringcapital.com\\\/wp-content\\\/uploads\\\/2024\\\/04\\\/picto_hero_bg.svg\"},{\"@type\":\"WebSite\",\"@id\":\"https:\\\/\\\/sparringcapital.com\\\/#website\",\"url\":\"https:\\\/\\\/sparringcapital.com\\\/\",\"name\":\"Sparring Capital\",\"description\":\"\",\"publisher\":{\"@id\":\"https:\\\/\\\/sparringcapital.com\\\/#organization\"},\"potentialAction\":[{\"@type\":\"SearchAction\",\"target\":{\"@type\":\"EntryPoint\",\"urlTemplate\":\"https:\\\/\\\/sparringcapital.com\\\/?s={search_term_string}\"},\"query-input\":{\"@type\":\"PropertyValueSpecification\",\"valueRequired\":true,\"valueName\":\"search_term_string\"}}],\"inLanguage\":\"en-US\"},{\"@type\":\"Organization\",\"@id\":\"https:\\\/\\\/sparringcapital.com\\\/#organization\",\"name\":\"Sparring Capital\",\"url\":\"https:\\\/\\\/sparringcapital.com\\\/\",\"logo\":{\"@type\":\"ImageObject\",\"inLanguage\":\"en-US\",\"@id\":\"https:\\\/\\\/sparringcapital.com\\\/#\\\/schema\\\/logo\\\/image\\\/\",\"url\":\"https:\\\/\\\/sparringcapital.com\\\/wp-content\\\/uploads\\\/2024\\\/04\\\/logo.svg\",\"contentUrl\":\"https:\\\/\\\/sparringcapital.com\\\/wp-content\\\/uploads\\\/2024\\\/04\\\/logo.svg\",\"width\":127,\"height\":40,\"caption\":\"Sparring Capital\"},\"image\":{\"@id\":\"https:\\\/\\\/sparringcapital.com\\\/#\\\/schema\\\/logo\\\/image\\\/\"}}]}<\/script>\n<!-- \/ Yoast SEO plugin. -->","yoast_head_json":{"title":"Contact - Sparring Capital","robots":{"index":"index","follow":"follow","max-snippet":"max-snippet:-1","max-image-preview":"max-image-preview:large","max-video-preview":"max-video-preview:-1"},"canonical":"https:\/\/sparringcapital.com\/en\/contact\/","og_locale":"en_US","og_type":"article","og_title":"Contact - Sparring Capital","og_description":"Contact us 17 avenue George V, 75008 Paris +33 (0) 1 58 36 49 50 contact@sparringcapital.com En cochant cette case et en cliquant sur \u00ab Envoyer \u00bb, j&#8217;accepte que mes donn\u00e9es personnelles soient trait\u00e9es conform\u00e9ment \u00e0 notre Politique en mati\u00e8re de confidentialit\u00e9*. ENVOYER *Request fields The above data is collected by Sparring Capital in order [&hellip;]","og_url":"https:\/\/sparringcapital.com\/en\/contact\/","og_site_name":"Sparring Capital","article_modified_time":"2024-09-18T02:49:23+00:00","og_image":[{"url":"https:\/\/sparringcapital.com\/wp-content\/uploads\/2024\/04\/picto_hero_bg.svg","type":"","width":"","height":""}],"twitter_card":"summary_large_image","twitter_misc":{"Est. reading time":"1 minute"},"schema":{"@context":"https:\/\/schema.org","@graph":[{"@type":"WebPage","@id":"https:\/\/sparringcapital.com\/en\/contact\/","url":"https:\/\/sparringcapital.com\/en\/contact\/","name":"Contact - Sparring Capital","isPartOf":{"@id":"https:\/\/sparringcapital.com\/#website"},"primaryImageOfPage":{"@id":"https:\/\/sparringcapital.com\/en\/contact\/#primaryimage"},"image":{"@id":"https:\/\/sparringcapital.com\/en\/contact\/#primaryimage"},"thumbnailUrl":"https:\/\/sparringcapital.com\/wp-content\/uploads\/2024\/04\/picto_hero_bg.svg","datePublished":"2024-05-07T09:11:40+00:00","dateModified":"2024-09-18T02:49:23+00:00","inLanguage":"en-US","potentialAction":[{"@type":"ReadAction","target":["https:\/\/sparringcapital.com\/en\/contact\/"]}]},{"@type":"ImageObject","inLanguage":"en-US","@id":"https:\/\/sparringcapital.com\/en\/contact\/#primaryimage","url":"https:\/\/sparringcapital.com\/wp-content\/uploads\/2024\/04\/picto_hero_bg.svg","contentUrl":"https:\/\/sparringcapital.com\/wp-content\/uploads\/2024\/04\/picto_hero_bg.svg"},{"@type":"WebSite","@id":"https:\/\/sparringcapital.com\/#website","url":"https:\/\/sparringcapital.com\/","name":"Sparring Capital","description":"","publisher":{"@id":"https:\/\/sparringcapital.com\/#organization"},"potentialAction":[{"@type":"SearchAction","target":{"@type":"EntryPoint","urlTemplate":"https:\/\/sparringcapital.com\/?s={search_term_string}"},"query-input":{"@type":"PropertyValueSpecification","valueRequired":true,"valueName":"search_term_string"}}],"inLanguage":"en-US"},{"@type":"Organization","@id":"https:\/\/sparringcapital.com\/#organization","name":"Sparring Capital","url":"https:\/\/sparringcapital.com\/","logo":{"@type":"ImageObject","inLanguage":"en-US","@id":"https:\/\/sparringcapital.com\/#\/schema\/logo\/image\/","url":"https:\/\/sparringcapital.com\/wp-content\/uploads\/2024\/04\/logo.svg","contentUrl":"https:\/\/sparringcapital.com\/wp-content\/uploads\/2024\/04\/logo.svg","width":127,"height":40,"caption":"Sparring Capital"},"image":{"@id":"https:\/\/sparringcapital.com\/#\/schema\/logo\/image\/"}}]}},"_links":{"self":[{"href":"https:\/\/sparringcapital.com\/en\/wp-json\/wp\/v2\/pages\/5784","targetHints":{"allow":["GET"]}}],"collection":[{"href":"https:\/\/sparringcapital.com\/en\/wp-json\/wp\/v2\/pages"}],"about":[{"href":"https:\/\/sparringcapital.com\/en\/wp-json\/wp\/v2\/types\/page"}],"author":[{"embeddable":true,"href":"https:\/\/sparringcapital.com\/en\/wp-json\/wp\/v2\/users\/1"}],"replies":[{"embeddable":true,"href":"https:\/\/sparringcapital.com\/en\/wp-json\/wp\/v2\/comments?post=5784"}],"version-history":[{"count":3,"href":"https:\/\/sparringcapital.com\/en\/wp-json\/wp\/v2\/pages\/5784\/revisions"}],"predecessor-version":[{"id":5895,"href":"https:\/\/sparringcapital.com\/en\/wp-json\/wp\/v2\/pages\/5784\/revisions\/5895"}],"wp:attachment":[{"href":"https:\/\/sparringcapital.com\/en\/wp-json\/wp\/v2\/media?parent=5784"}],"curies":[{"name":"wp","href":"https:\/\/api.w.org\/{rel}","templated":true}]}}